{"id":469,"date":"2020-05-10T18:46:17","date_gmt":"2020-05-10T17:46:17","guid":{"rendered":"http:\/\/localhost\/wordpress\/?post_type=product&#038;p=469"},"modified":"2025-05-06T18:15:39","modified_gmt":"2025-05-06T17:15:39","slug":"baldosa-de-ceramica-ovalada-personalizable","status":"publish","type":"product","link":"https:\/\/bosquefelino.org\/tienda\/?product=baldosa-de-ceramica-ovalada-personalizable","title":{"rendered":"<strong>Baldosa ovalada<\/strong>"},"content":{"rendered":"<p>Baldosa de cer\u00e1mica ovalada. Medidas aproximadas 29x20cm.<\/p>\n<p>Que mejor regalo que una baldosa de cer\u00e1mica para decorar la habitaci\u00f3n de tu beb\u00e9 con su nombre, fecha y hora de nacimiento&#8230;. Para que siempre recuerdes el momento de la llegada de tu peque\u00f1@.<\/p>\n<p>Tambi\u00e9n para bodas, bautizos, comuniones&#8230; Tiene dos agujeros en la parte superior para poder colgarlo.<\/p>\n","protected":false},"excerpt":{"rendered":"<p>TEMPORALMENTE NO DISPONIBLE..<\/p>\n<p>Baldosa de cer\u00e1mica ovalada de 29x20cm.<\/p>\n","protected":false},"featured_media":472,"comment_status":"closed","ping_status":"closed","template":"","meta":[],"product_brand":[],"product_cat":[38],"product_tag":[29,31,32,30],"class_list":{"0":"post-469","1":"product","2":"type-product","3":"status-publish","4":"has-post-thumbnail","6":"product_cat-personalizables","7":"product_tag-baldosa","8":"product_tag-ceramica","9":"product_tag-decoracion","10":"product_tag-personalizable","12":"first","13":"instock","14":"taxable","15":"shipping-taxable","16":"purchasable","17":"product-type-simple"},"_links":{"self":[{"href":"https:\/\/bosquefelino.org\/tienda\/index.php?rest_route=\/wp\/v2\/product\/469","targetHints":{"allow":["GET"]}}],"collection":[{"href":"https:\/\/bosquefelino.org\/tienda\/index.php?rest_route=\/wp\/v2\/product"}],"about":[{"href":"https:\/\/bosquefelino.org\/tienda\/index.php?rest_route=\/wp\/v2\/types\/product"}],"replies":[{"embeddable":true,"href":"https:\/\/bosquefelino.org\/tienda\/index.php?rest_route=%2Fwp%2Fv2%2Fcomments&post=469"}],"version-history":[{"count":4,"href":"https:\/\/bosquefelino.org\/tienda\/index.php?rest_route=\/wp\/v2\/product\/469\/revisions"}],"predecessor-version":[{"id":3466,"href":"https:\/\/bosquefelino.org\/tienda\/index.php?rest_route=\/wp\/v2\/product\/469\/revisions\/3466"}],"wp:featuredmedia":[{"embeddable":true,"href":"https:\/\/bosquefelino.org\/tienda\/index.php?rest_route=\/wp\/v2\/media\/472"}],"wp:attachment":[{"href":"https:\/\/bosquefelino.org\/tienda\/index.php?rest_route=%2Fwp%2Fv2%2Fmedia&parent=469"}],"wp:term":[{"taxonomy":"product_brand","embeddable":true,"href":"https:\/\/bosquefelino.org\/tienda\/index.php?rest_route=%2Fwp%2Fv2%2Fproduct_brand&post=469"},{"taxonomy":"product_cat","embeddable":true,"href":"https:\/\/bosquefelino.org\/tienda\/index.php?rest_route=%2Fwp%2Fv2%2Fproduct_cat&post=469"},{"taxonomy":"product_tag","embeddable":true,"href":"https:\/\/bosquefelino.org\/tienda\/index.php?rest_route=%2Fwp%2Fv2%2Fproduct_tag&post=469"}],"curies":[{"name":"wp","href":"https:\/\/api.w.org\/{rel}","templated":true}]}}