{"id":3894,"date":"2025-12-21T23:12:00","date_gmt":"2025-12-21T22:12:00","guid":{"rendered":"https:\/\/bosquefelino.org\/tienda\/?post_type=product&#038;p=3894"},"modified":"2026-04-29T16:26:33","modified_gmt":"2026-04-29T15:26:33","slug":"colgante-de-acero-2","status":"publish","type":"product","link":"https:\/\/bosquefelino.org\/tienda\/?product=colgante-de-acero-2","title":{"rendered":"<strong>Colgante<\/strong> de acero"},"content":{"rendered":"<p>Tama\u00f1o, 24mm de di\u00e1metro, y cord\u00f3n s\u00edmil cuero con cierre de acero. Es ideal para hacer un regalo.<\/p>\n","protected":false},"excerpt":{"rendered":"<p>Precioso colgante de acero. Ilustraci\u00f3n de resina epoxi.<\/p>\n","protected":false},"featured_media":3889,"comment_status":"closed","ping_status":"closed","template":"","meta":[],"product_brand":[],"product_cat":[19,40,50],"product_tag":[],"class_list":{"0":"post-3894","1":"product","2":"type-product","3":"status-publish","4":"has-post-thumbnail","6":"product_cat-nuevo","7":"product_cat-regalos","8":"product_cat-joyeria","10":"first","11":"instock","12":"taxable","13":"shipping-taxable","14":"purchasable","15":"product-type-simple"},"_links":{"self":[{"href":"https:\/\/bosquefelino.org\/tienda\/index.php?rest_route=\/wp\/v2\/product\/3894","targetHints":{"allow":["GET"]}}],"collection":[{"href":"https:\/\/bosquefelino.org\/tienda\/index.php?rest_route=\/wp\/v2\/product"}],"about":[{"href":"https:\/\/bosquefelino.org\/tienda\/index.php?rest_route=\/wp\/v2\/types\/product"}],"replies":[{"embeddable":true,"href":"https:\/\/bosquefelino.org\/tienda\/index.php?rest_route=%2Fwp%2Fv2%2Fcomments&post=3894"}],"version-history":[{"count":1,"href":"https:\/\/bosquefelino.org\/tienda\/index.php?rest_route=\/wp\/v2\/product\/3894\/revisions"}],"predecessor-version":[{"id":3895,"href":"https:\/\/bosquefelino.org\/tienda\/index.php?rest_route=\/wp\/v2\/product\/3894\/revisions\/3895"}],"wp:featuredmedia":[{"embeddable":true,"href":"https:\/\/bosquefelino.org\/tienda\/index.php?rest_route=\/wp\/v2\/media\/3889"}],"wp:attachment":[{"href":"https:\/\/bosquefelino.org\/tienda\/index.php?rest_route=%2Fwp%2Fv2%2Fmedia&parent=3894"}],"wp:term":[{"taxonomy":"product_brand","embeddable":true,"href":"https:\/\/bosquefelino.org\/tienda\/index.php?rest_route=%2Fwp%2Fv2%2Fproduct_brand&post=3894"},{"taxonomy":"product_cat","embeddable":true,"href":"https:\/\/bosquefelino.org\/tienda\/index.php?rest_route=%2Fwp%2Fv2%2Fproduct_cat&post=3894"},{"taxonomy":"product_tag","embeddable":true,"href":"https:\/\/bosquefelino.org\/tienda\/index.php?rest_route=%2Fwp%2Fv2%2Fproduct_tag&post=3894"}],"curies":[{"name":"wp","href":"https:\/\/api.w.org\/{rel}","templated":true}]}}