{"id":3746,"date":"2025-11-03T22:09:43","date_gmt":"2025-11-03T21:09:43","guid":{"rendered":"https:\/\/bosquefelino.org\/tienda\/?post_type=product&#038;p=3746"},"modified":"2025-11-03T22:21:50","modified_gmt":"2025-11-03T21:21:50","slug":"tu-alma-animalbeatriz-alonso","status":"publish","type":"product","link":"https:\/\/bosquefelino.org\/tienda\/?product=tu-alma-animalbeatriz-alonso","title":{"rendered":"<strong>Tu Alma Animal<\/strong> Beatriz Alonso"},"content":{"rendered":"<p>Tu Alma Animal te abre las puertas a un v\u00ednculo m\u00e1s profundo, consciente y amoroso con los seres que comparten tu vida. Aprende a escucharlos con el coraz\u00f3n, acomp\u00e1\u00f1alos en sus procesos y despierta tu capacidad natural para comunicar m\u00e1s all\u00e1 de las palabras. Ideal para los amantes de los animales, profesionales del bienestar animal y buscadores de una conexi\u00f3n aut\u00e9ntica con el mundo animal.<\/p>\n<p>Tapa blanda. 128 p\u00e1ginas.<\/p>\n","protected":false},"excerpt":{"rendered":"<p>Este libro es una invitaci\u00f3n a descubrir el arte de la comunicaci\u00f3n telep\u00e1tica con los animales, a trav\u00e9s de claves pr\u00e1cticas, casos reales y el testimonio de una comunicadora con m\u00e1s de una d\u00e9cada de experiencia.<\/p>\n","protected":false},"featured_media":3747,"comment_status":"closed","ping_status":"closed","template":"","meta":[],"product_brand":[],"product_cat":[19,40,26],"product_tag":[],"class_list":{"0":"post-3746","1":"product","2":"type-product","3":"status-publish","4":"has-post-thumbnail","6":"product_cat-nuevo","7":"product_cat-regalos","8":"product_cat-libros","10":"first","11":"instock","12":"taxable","13":"shipping-taxable","14":"purchasable","15":"product-type-simple"},"_links":{"self":[{"href":"https:\/\/bosquefelino.org\/tienda\/index.php?rest_route=\/wp\/v2\/product\/3746","targetHints":{"allow":["GET"]}}],"collection":[{"href":"https:\/\/bosquefelino.org\/tienda\/index.php?rest_route=\/wp\/v2\/product"}],"about":[{"href":"https:\/\/bosquefelino.org\/tienda\/index.php?rest_route=\/wp\/v2\/types\/product"}],"replies":[{"embeddable":true,"href":"https:\/\/bosquefelino.org\/tienda\/index.php?rest_route=%2Fwp%2Fv2%2Fcomments&post=3746"}],"version-history":[{"count":4,"href":"https:\/\/bosquefelino.org\/tienda\/index.php?rest_route=\/wp\/v2\/product\/3746\/revisions"}],"predecessor-version":[{"id":3753,"href":"https:\/\/bosquefelino.org\/tienda\/index.php?rest_route=\/wp\/v2\/product\/3746\/revisions\/3753"}],"wp:featuredmedia":[{"embeddable":true,"href":"https:\/\/bosquefelino.org\/tienda\/index.php?rest_route=\/wp\/v2\/media\/3747"}],"wp:attachment":[{"href":"https:\/\/bosquefelino.org\/tienda\/index.php?rest_route=%2Fwp%2Fv2%2Fmedia&parent=3746"}],"wp:term":[{"taxonomy":"product_brand","embeddable":true,"href":"https:\/\/bosquefelino.org\/tienda\/index.php?rest_route=%2Fwp%2Fv2%2Fproduct_brand&post=3746"},{"taxonomy":"product_cat","embeddable":true,"href":"https:\/\/bosquefelino.org\/tienda\/index.php?rest_route=%2Fwp%2Fv2%2Fproduct_cat&post=3746"},{"taxonomy":"product_tag","embeddable":true,"href":"https:\/\/bosquefelino.org\/tienda\/index.php?rest_route=%2Fwp%2Fv2%2Fproduct_tag&post=3746"}],"curies":[{"name":"wp","href":"https:\/\/api.w.org\/{rel}","templated":true}]}}