{"id":3697,"date":"2025-09-01T18:52:58","date_gmt":"2025-09-01T17:52:58","guid":{"rendered":"https:\/\/bosquefelino.org\/tienda\/?post_type=product&#038;p=3697"},"modified":"2026-03-30T19:31:42","modified_gmt":"2026-03-30T18:31:42","slug":"bolsa-termica-perro-google","status":"publish","type":"product","link":"https:\/\/bosquefelino.org\/tienda\/?product=bolsa-termica-perro-google","title":{"rendered":"<strong>Bolsa T\u00e9rmica<\/strong> Perro google"},"content":{"rendered":"<p>Nevera extensible de poli\u00e9ster reciclado RPET para guardarla f\u00e1cilmente. Compartimento principal con interior isot\u00e9rmico. Dise\u00f1o compacto y funcional. Espacio principal con aislamiento t\u00e9rmico.<\/p>\n<p>Dimensiones: Ancho 46 cm Alto 28 cm<\/p>\n","protected":false},"excerpt":{"rendered":"<p>Bolsa t\u00e9rmica plegable fabricada con RPET reciclado.<\/p>\n<p>&nbsp;<\/p>\n","protected":false},"featured_media":3698,"comment_status":"closed","ping_status":"closed","template":"","meta":[],"product_brand":[],"product_cat":[19,40,27],"product_tag":[],"class_list":{"0":"post-3697","1":"product","2":"type-product","3":"status-publish","4":"has-post-thumbnail","6":"product_cat-nuevo","7":"product_cat-regalos","8":"product_cat-bolsas","10":"first","11":"outofstock","12":"taxable","13":"shipping-taxable","14":"purchasable","15":"product-type-simple"},"_links":{"self":[{"href":"https:\/\/bosquefelino.org\/tienda\/index.php?rest_route=\/wp\/v2\/product\/3697","targetHints":{"allow":["GET"]}}],"collection":[{"href":"https:\/\/bosquefelino.org\/tienda\/index.php?rest_route=\/wp\/v2\/product"}],"about":[{"href":"https:\/\/bosquefelino.org\/tienda\/index.php?rest_route=\/wp\/v2\/types\/product"}],"replies":[{"embeddable":true,"href":"https:\/\/bosquefelino.org\/tienda\/index.php?rest_route=%2Fwp%2Fv2%2Fcomments&post=3697"}],"version-history":[{"count":1,"href":"https:\/\/bosquefelino.org\/tienda\/index.php?rest_route=\/wp\/v2\/product\/3697\/revisions"}],"predecessor-version":[{"id":3700,"href":"https:\/\/bosquefelino.org\/tienda\/index.php?rest_route=\/wp\/v2\/product\/3697\/revisions\/3700"}],"wp:featuredmedia":[{"embeddable":true,"href":"https:\/\/bosquefelino.org\/tienda\/index.php?rest_route=\/wp\/v2\/media\/3698"}],"wp:attachment":[{"href":"https:\/\/bosquefelino.org\/tienda\/index.php?rest_route=%2Fwp%2Fv2%2Fmedia&parent=3697"}],"wp:term":[{"taxonomy":"product_brand","embeddable":true,"href":"https:\/\/bosquefelino.org\/tienda\/index.php?rest_route=%2Fwp%2Fv2%2Fproduct_brand&post=3697"},{"taxonomy":"product_cat","embeddable":true,"href":"https:\/\/bosquefelino.org\/tienda\/index.php?rest_route=%2Fwp%2Fv2%2Fproduct_cat&post=3697"},{"taxonomy":"product_tag","embeddable":true,"href":"https:\/\/bosquefelino.org\/tienda\/index.php?rest_route=%2Fwp%2Fv2%2Fproduct_tag&post=3697"}],"curies":[{"name":"wp","href":"https:\/\/api.w.org\/{rel}","templated":true}]}}