{"id":3453,"date":"2025-05-05T20:46:29","date_gmt":"2025-05-05T19:46:29","guid":{"rendered":"https:\/\/bosquefelino.org\/tienda\/?post_type=product&#038;p=3453"},"modified":"2025-05-06T18:39:45","modified_gmt":"2025-05-06T17:39:45","slug":"funda-termica","status":"publish","type":"product","link":"https:\/\/bosquefelino.org\/tienda\/?product=funda-termica","title":{"rendered":"<strong>Funda T\u00e9rmica<\/strong>"},"content":{"rendered":"<p class=\"price\"><span style=\"font-size: 16px;\">La funda t\u00e9rmica para latas y botellas, conserva la temperatura del l\u00edquido por tiempo prolongado. Se puede personalizar.<\/span><\/p>\n","protected":false},"excerpt":{"rendered":"<p>Mant\u00e9n tus bebidas fr\u00edas durante m\u00e1s tiempo gracias a este dise\u00f1o plegable que podr\u00e1s llevar contigo o guardar c\u00f3modamente cuando no lo necesites.<\/p>\n","protected":false},"featured_media":3454,"comment_status":"closed","ping_status":"closed","template":"","meta":[],"product_brand":[],"product_cat":[38],"product_tag":[29,31,32,30],"class_list":{"0":"post-3453","1":"product","2":"type-product","3":"status-publish","4":"has-post-thumbnail","6":"product_cat-personalizables","7":"product_tag-baldosa","8":"product_tag-ceramica","9":"product_tag-decoracion","10":"product_tag-personalizable","12":"first","13":"instock","14":"purchasable","15":"product-type-simple"},"_links":{"self":[{"href":"https:\/\/bosquefelino.org\/tienda\/index.php?rest_route=\/wp\/v2\/product\/3453","targetHints":{"allow":["GET"]}}],"collection":[{"href":"https:\/\/bosquefelino.org\/tienda\/index.php?rest_route=\/wp\/v2\/product"}],"about":[{"href":"https:\/\/bosquefelino.org\/tienda\/index.php?rest_route=\/wp\/v2\/types\/product"}],"replies":[{"embeddable":true,"href":"https:\/\/bosquefelino.org\/tienda\/index.php?rest_route=%2Fwp%2Fv2%2Fcomments&post=3453"}],"version-history":[{"count":6,"href":"https:\/\/bosquefelino.org\/tienda\/index.php?rest_route=\/wp\/v2\/product\/3453\/revisions"}],"predecessor-version":[{"id":3473,"href":"https:\/\/bosquefelino.org\/tienda\/index.php?rest_route=\/wp\/v2\/product\/3453\/revisions\/3473"}],"wp:featuredmedia":[{"embeddable":true,"href":"https:\/\/bosquefelino.org\/tienda\/index.php?rest_route=\/wp\/v2\/media\/3454"}],"wp:attachment":[{"href":"https:\/\/bosquefelino.org\/tienda\/index.php?rest_route=%2Fwp%2Fv2%2Fmedia&parent=3453"}],"wp:term":[{"taxonomy":"product_brand","embeddable":true,"href":"https:\/\/bosquefelino.org\/tienda\/index.php?rest_route=%2Fwp%2Fv2%2Fproduct_brand&post=3453"},{"taxonomy":"product_cat","embeddable":true,"href":"https:\/\/bosquefelino.org\/tienda\/index.php?rest_route=%2Fwp%2Fv2%2Fproduct_cat&post=3453"},{"taxonomy":"product_tag","embeddable":true,"href":"https:\/\/bosquefelino.org\/tienda\/index.php?rest_route=%2Fwp%2Fv2%2Fproduct_tag&post=3453"}],"curies":[{"name":"wp","href":"https:\/\/api.w.org\/{rel}","templated":true}]}}