{"id":3194,"date":"2025-02-25T12:52:03","date_gmt":"2025-02-25T11:52:03","guid":{"rendered":"https:\/\/bosquefelino.org\/tienda\/?post_type=product&#038;p=3194"},"modified":"2025-11-01T21:24:20","modified_gmt":"2025-11-01T20:24:20","slug":"apadrinarel-mejor-regalo","status":"publish","type":"product","link":"https:\/\/bosquefelino.org\/tienda\/?product=apadrinarel-mejor-regalo","title":{"rendered":"<strong>Apadrinar<\/strong> El mejor regalo"},"content":{"rendered":"<p>Con la aportaci\u00f3n que t\u00fa decidas, podr\u00e1s ayudar al peludito que t\u00fa quieras, y al mismo tiempo, estar\u00e1s tambi\u00e9n ayudando a todos los gatos que viven en el Bosque Felino. Nosotros lo cuidaremos.<\/p>\n<p>Hemos puesto algunos de los que viven aqu\u00ed pero si quieres a otro, recuerda que tenemos a m\u00e1s de 70 gatos rescatados, podr\u00e1s elegir el que t\u00fa quieras, solo ponte en contacto con nosotros, a trav\u00e9s del correo: info@bosquefelino.org o por WhatsApp: 670 331 354<\/p>\n","protected":false},"excerpt":{"rendered":"<p>El apadrinamiento, EL MEJOR REGALO<\/p>\n<p>Apadrinar es una gran idea para regalar. Si est\u00e1s pensando en hacer un regalo a una persona amante de los animales, regala un APADRINAMIENTO. Una vez finalices tu compra, te enviaremos por WhatsApp una tarjeta de padrino\/madrina para que puedas conservarla como recuerdo especial. Tambi\u00e9n podr\u00e1s enviarla a la persona a la que le has regalado el apadrinamiento de uno de los peluditos del Bosque Felino. \u00a1Tu apoyo marca la diferencia en la vida de nuestros felinos!<\/p>\n","protected":false},"featured_media":3222,"comment_status":"closed","ping_status":"closed","template":"","meta":[],"product_brand":[],"product_cat":[49],"product_tag":[48,45,46,47],"class_list":{"0":"post-3194","1":"product","2":"type-product","3":"status-publish","4":"has-post-thumbnail","6":"product_cat-apadrina","7":"product_tag-bosque-felino","8":"product_tag-camisetas","9":"product_tag-gatos","10":"product_tag-solidarias","12":"first","13":"instock","14":"taxable","15":"shipping-taxable","16":"purchasable","17":"product-type-variable"},"_links":{"self":[{"href":"https:\/\/bosquefelino.org\/tienda\/index.php?rest_route=\/wp\/v2\/product\/3194","targetHints":{"allow":["GET"]}}],"collection":[{"href":"https:\/\/bosquefelino.org\/tienda\/index.php?rest_route=\/wp\/v2\/product"}],"about":[{"href":"https:\/\/bosquefelino.org\/tienda\/index.php?rest_route=\/wp\/v2\/types\/product"}],"replies":[{"embeddable":true,"href":"https:\/\/bosquefelino.org\/tienda\/index.php?rest_route=%2Fwp%2Fv2%2Fcomments&post=3194"}],"version-history":[{"count":6,"href":"https:\/\/bosquefelino.org\/tienda\/index.php?rest_route=\/wp\/v2\/product\/3194\/revisions"}],"predecessor-version":[{"id":3376,"href":"https:\/\/bosquefelino.org\/tienda\/index.php?rest_route=\/wp\/v2\/product\/3194\/revisions\/3376"}],"wp:featuredmedia":[{"embeddable":true,"href":"https:\/\/bosquefelino.org\/tienda\/index.php?rest_route=\/wp\/v2\/media\/3222"}],"wp:attachment":[{"href":"https:\/\/bosquefelino.org\/tienda\/index.php?rest_route=%2Fwp%2Fv2%2Fmedia&parent=3194"}],"wp:term":[{"taxonomy":"product_brand","embeddable":true,"href":"https:\/\/bosquefelino.org\/tienda\/index.php?rest_route=%2Fwp%2Fv2%2Fproduct_brand&post=3194"},{"taxonomy":"product_cat","embeddable":true,"href":"https:\/\/bosquefelino.org\/tienda\/index.php?rest_route=%2Fwp%2Fv2%2Fproduct_cat&post=3194"},{"taxonomy":"product_tag","embeddable":true,"href":"https:\/\/bosquefelino.org\/tienda\/index.php?rest_route=%2Fwp%2Fv2%2Fproduct_tag&post=3194"}],"curies":[{"name":"wp","href":"https:\/\/api.w.org\/{rel}","templated":true}]}}