{"id":2912,"date":"2024-10-25T11:35:32","date_gmt":"2024-10-25T10:35:32","guid":{"rendered":"https:\/\/bosquefelino.org\/tienda\/?post_type=product&#038;p=2912"},"modified":"2025-12-10T22:06:25","modified_gmt":"2025-12-10T21:06:25","slug":"cuando-ya-no-estaslaura-vidal","status":"publish","type":"product","link":"https:\/\/bosquefelino.org\/tienda\/?product=cuando-ya-no-estaslaura-vidal","title":{"rendered":"<strong>Cuando ya no est\u00e1s<\/strong> Laura Vidal"},"content":{"rendered":"<p>Perder a un ser querido nunca es f\u00e1cil. Al fin y al cabo, \u00bfc\u00f3mo podemos pasar p\u00e1gina tras la marcha de alguien que ha estado tan presente en nuestra vida? \u00bfDe qu\u00e9 manera hemos de superar el no volver a ver a un amigo, a un miembro de nuestra familia?<\/p>\n<p>Aunque a menudo se le resta importancia, la muerte de un animal de compa\u00f1\u00eda sigue siendo un momento muy duro para quienes la sufren. No por nada ese peludo ha estado ah\u00ed d\u00eda tras d\u00eda, d\u00e1ndonos calor cuando hac\u00eda fr\u00edo y consuelo cuando est\u00e1bamos tristes. Y, cuando ya no est\u00e1, el vac\u00edo que deja puede llegar a ser muy doloroso.<\/p>\n<p>Laura Vidal, especialista en gesti\u00f3n del duelo animal, ofrece en este libro un apoyo a todo aquel que haya perdido a su perro, a su gato, y no halle en psic\u00f3logos convencionales o en su entorno la ayuda, las palabras y la empat\u00eda que necesita. Porque el camino puede ser duro, pero no hay por qu\u00e9 recorrerlo solo.<\/p>\n","protected":false},"excerpt":{"rendered":"<p>El libro que te ayudar\u00e1 a superar la muerte de tu animal de compa\u00f1\u00eda.<\/p>\n","protected":false},"featured_media":2913,"comment_status":"closed","ping_status":"closed","template":"","meta":[],"product_brand":[],"product_cat":[26],"product_tag":[],"class_list":{"0":"post-2912","1":"product","2":"type-product","3":"status-publish","4":"has-post-thumbnail","6":"product_cat-libros","8":"first","9":"outofstock","10":"taxable","11":"shipping-taxable","12":"purchasable","13":"product-type-simple"},"_links":{"self":[{"href":"https:\/\/bosquefelino.org\/tienda\/index.php?rest_route=\/wp\/v2\/product\/2912","targetHints":{"allow":["GET"]}}],"collection":[{"href":"https:\/\/bosquefelino.org\/tienda\/index.php?rest_route=\/wp\/v2\/product"}],"about":[{"href":"https:\/\/bosquefelino.org\/tienda\/index.php?rest_route=\/wp\/v2\/types\/product"}],"replies":[{"embeddable":true,"href":"https:\/\/bosquefelino.org\/tienda\/index.php?rest_route=%2Fwp%2Fv2%2Fcomments&post=2912"}],"version-history":[{"count":2,"href":"https:\/\/bosquefelino.org\/tienda\/index.php?rest_route=\/wp\/v2\/product\/2912\/revisions"}],"predecessor-version":[{"id":2919,"href":"https:\/\/bosquefelino.org\/tienda\/index.php?rest_route=\/wp\/v2\/product\/2912\/revisions\/2919"}],"wp:featuredmedia":[{"embeddable":true,"href":"https:\/\/bosquefelino.org\/tienda\/index.php?rest_route=\/wp\/v2\/media\/2913"}],"wp:attachment":[{"href":"https:\/\/bosquefelino.org\/tienda\/index.php?rest_route=%2Fwp%2Fv2%2Fmedia&parent=2912"}],"wp:term":[{"taxonomy":"product_brand","embeddable":true,"href":"https:\/\/bosquefelino.org\/tienda\/index.php?rest_route=%2Fwp%2Fv2%2Fproduct_brand&post=2912"},{"taxonomy":"product_cat","embeddable":true,"href":"https:\/\/bosquefelino.org\/tienda\/index.php?rest_route=%2Fwp%2Fv2%2Fproduct_cat&post=2912"},{"taxonomy":"product_tag","embeddable":true,"href":"https:\/\/bosquefelino.org\/tienda\/index.php?rest_route=%2Fwp%2Fv2%2Fproduct_tag&post=2912"}],"curies":[{"name":"wp","href":"https:\/\/api.w.org\/{rel}","templated":true}]}}