{"id":2862,"date":"2024-10-14T19:22:56","date_gmt":"2024-10-14T18:22:56","guid":{"rendered":"https:\/\/bosquefelino.org\/tienda\/?post_type=product&#038;p=2862"},"modified":"2024-10-14T19:23:53","modified_gmt":"2024-10-14T18:23:53","slug":"botella-cristal-perro-marron","status":"publish","type":"product","link":"https:\/\/bosquefelino.org\/tienda\/?product=botella-cristal-perro-marron","title":{"rendered":"<strong>Botella cristal<\/strong> Perro marr\u00f3n"},"content":{"rendered":"<p>Con tap\u00f3n de seguridad a rosca y pr\u00e1ctica cinta de transporte, cuenta con una elegante funda de neopreno en vivos colores.<\/p>\n<p>420 ml. Funda Soft Shell<\/p>\n<p>Cristal \/ Tap\u00f3n de acero inoxidable (la capa externa) \/ Anti goteo<\/p>\n","protected":false},"excerpt":{"rendered":"<p>Botella de cristal de 420 ml de capacidad<\/p>\n","protected":false},"featured_media":2863,"comment_status":"closed","ping_status":"closed","template":"","meta":[],"product_brand":[],"product_cat":[23],"product_tag":[],"class_list":{"0":"post-2862","1":"product","2":"type-product","3":"status-publish","4":"has-post-thumbnail","6":"product_cat-botellas","8":"first","9":"instock","10":"taxable","11":"shipping-taxable","12":"purchasable","13":"product-type-simple"},"_links":{"self":[{"href":"https:\/\/bosquefelino.org\/tienda\/index.php?rest_route=\/wp\/v2\/product\/2862","targetHints":{"allow":["GET"]}}],"collection":[{"href":"https:\/\/bosquefelino.org\/tienda\/index.php?rest_route=\/wp\/v2\/product"}],"about":[{"href":"https:\/\/bosquefelino.org\/tienda\/index.php?rest_route=\/wp\/v2\/types\/product"}],"replies":[{"embeddable":true,"href":"https:\/\/bosquefelino.org\/tienda\/index.php?rest_route=%2Fwp%2Fv2%2Fcomments&post=2862"}],"version-history":[{"count":1,"href":"https:\/\/bosquefelino.org\/tienda\/index.php?rest_route=\/wp\/v2\/product\/2862\/revisions"}],"predecessor-version":[{"id":2864,"href":"https:\/\/bosquefelino.org\/tienda\/index.php?rest_route=\/wp\/v2\/product\/2862\/revisions\/2864"}],"wp:featuredmedia":[{"embeddable":true,"href":"https:\/\/bosquefelino.org\/tienda\/index.php?rest_route=\/wp\/v2\/media\/2863"}],"wp:attachment":[{"href":"https:\/\/bosquefelino.org\/tienda\/index.php?rest_route=%2Fwp%2Fv2%2Fmedia&parent=2862"}],"wp:term":[{"taxonomy":"product_brand","embeddable":true,"href":"https:\/\/bosquefelino.org\/tienda\/index.php?rest_route=%2Fwp%2Fv2%2Fproduct_brand&post=2862"},{"taxonomy":"product_cat","embeddable":true,"href":"https:\/\/bosquefelino.org\/tienda\/index.php?rest_route=%2Fwp%2Fv2%2Fproduct_cat&post=2862"},{"taxonomy":"product_tag","embeddable":true,"href":"https:\/\/bosquefelino.org\/tienda\/index.php?rest_route=%2Fwp%2Fv2%2Fproduct_tag&post=2862"}],"curies":[{"name":"wp","href":"https:\/\/api.w.org\/{rel}","templated":true}]}}