{"id":2197,"date":"2023-11-18T22:51:36","date_gmt":"2023-11-18T21:51:36","guid":{"rendered":"https:\/\/bosquefelino.org\/tienda\/?post_type=product&#038;p=2197"},"modified":"2023-11-19T20:27:44","modified_gmt":"2023-11-19T19:27:44","slug":"pidenos-en-libro-que-quieras","status":"publish","type":"product","link":"https:\/\/bosquefelino.org\/tienda\/?product=pidenos-en-libro-que-quieras","title":{"rendered":"<strong>P\u00eddenos el libro que quieras<\/strong> Env\u00edo en 48h"},"content":{"rendered":"<p>Si tienes alguna duda o consulta, no dudes en preguntarnos. Estamos aqu\u00ed para ayudarte.<\/p>\n","protected":false},"excerpt":{"rendered":"<p>Todas las novedades,\u00a0 libros para todos los gustos y edades. Puedes elegir entre diferentes g\u00e9neros, autores y formatos. Si ya sabes qu\u00e9 libro quieres comprar, solo tienes que escribirnos el t\u00edtulo, el autor y el formato que prefieres.<\/p>\n<p>Escr\u00edbenos a <a href=\"mailto:info@bosquefelino.org\">info@bosquefelino.org<\/a>\u00a0 Te enviaremos los datos para que puedas realizar el pago y te lo mandaremos en 48 horas.<\/p>\n","protected":false},"featured_media":2198,"comment_status":"closed","ping_status":"closed","template":"","meta":[],"product_brand":[],"product_cat":[26],"product_tag":[],"class_list":{"0":"post-2197","1":"product","2":"type-product","3":"status-publish","4":"has-post-thumbnail","6":"product_cat-libros","8":"first","9":"onbackorder","10":"taxable","11":"shipping-taxable","12":"product-type-simple"},"_links":{"self":[{"href":"https:\/\/bosquefelino.org\/tienda\/index.php?rest_route=\/wp\/v2\/product\/2197","targetHints":{"allow":["GET"]}}],"collection":[{"href":"https:\/\/bosquefelino.org\/tienda\/index.php?rest_route=\/wp\/v2\/product"}],"about":[{"href":"https:\/\/bosquefelino.org\/tienda\/index.php?rest_route=\/wp\/v2\/types\/product"}],"replies":[{"embeddable":true,"href":"https:\/\/bosquefelino.org\/tienda\/index.php?rest_route=%2Fwp%2Fv2%2Fcomments&post=2197"}],"version-history":[{"count":5,"href":"https:\/\/bosquefelino.org\/tienda\/index.php?rest_route=\/wp\/v2\/product\/2197\/revisions"}],"predecessor-version":[{"id":2212,"href":"https:\/\/bosquefelino.org\/tienda\/index.php?rest_route=\/wp\/v2\/product\/2197\/revisions\/2212"}],"wp:featuredmedia":[{"embeddable":true,"href":"https:\/\/bosquefelino.org\/tienda\/index.php?rest_route=\/wp\/v2\/media\/2198"}],"wp:attachment":[{"href":"https:\/\/bosquefelino.org\/tienda\/index.php?rest_route=%2Fwp%2Fv2%2Fmedia&parent=2197"}],"wp:term":[{"taxonomy":"product_brand","embeddable":true,"href":"https:\/\/bosquefelino.org\/tienda\/index.php?rest_route=%2Fwp%2Fv2%2Fproduct_brand&post=2197"},{"taxonomy":"product_cat","embeddable":true,"href":"https:\/\/bosquefelino.org\/tienda\/index.php?rest_route=%2Fwp%2Fv2%2Fproduct_cat&post=2197"},{"taxonomy":"product_tag","embeddable":true,"href":"https:\/\/bosquefelino.org\/tienda\/index.php?rest_route=%2Fwp%2Fv2%2Fproduct_tag&post=2197"}],"curies":[{"name":"wp","href":"https:\/\/api.w.org\/{rel}","templated":true}]}}