{"id":2193,"date":"2023-11-18T22:33:47","date_gmt":"2023-11-18T21:33:47","guid":{"rendered":"https:\/\/bosquefelino.org\/tienda\/?post_type=product&#038;p=2193"},"modified":"2025-05-05T17:27:30","modified_gmt":"2025-05-05T16:27:30","slug":"pano-de-cocina-simons-cat","status":"publish","type":"product","link":"https:\/\/bosquefelino.org\/tienda\/?product=pano-de-cocina-simons-cat","title":{"rendered":"<strong>Pa\u00f1o de cocina<\/strong> Simon&#8217;s Cat"},"content":{"rendered":"<p>Pa\u00f1o de cocina de Algod\u00f3n Simon&#8217;s Cat<br \/>\nMaterial: 100% Algod\u00f3n\u00a0 \/ Dimensiones: Altura 69cm Ancho 46cm Profundidad 0.1cm<\/p>\n<p>&nbsp;<\/p>\n<p>&nbsp;<\/p>\n","protected":false},"excerpt":{"rendered":"<p>Divertido pa\u00f1o de cocina de Algod\u00f3n con dise\u00f1o del simp\u00e1tico Simon&#8217;s Cat<\/p>\n","protected":false},"featured_media":2195,"comment_status":"closed","ping_status":"closed","template":"","meta":[],"product_brand":[],"product_cat":[19],"product_tag":[],"class_list":{"0":"post-2193","1":"product","2":"type-product","3":"status-publish","4":"has-post-thumbnail","6":"product_cat-nuevo","8":"first","9":"outofstock","10":"taxable","11":"shipping-taxable","12":"purchasable","13":"product-type-simple"},"_links":{"self":[{"href":"https:\/\/bosquefelino.org\/tienda\/index.php?rest_route=\/wp\/v2\/product\/2193","targetHints":{"allow":["GET"]}}],"collection":[{"href":"https:\/\/bosquefelino.org\/tienda\/index.php?rest_route=\/wp\/v2\/product"}],"about":[{"href":"https:\/\/bosquefelino.org\/tienda\/index.php?rest_route=\/wp\/v2\/types\/product"}],"replies":[{"embeddable":true,"href":"https:\/\/bosquefelino.org\/tienda\/index.php?rest_route=%2Fwp%2Fv2%2Fcomments&post=2193"}],"version-history":[{"count":1,"href":"https:\/\/bosquefelino.org\/tienda\/index.php?rest_route=\/wp\/v2\/product\/2193\/revisions"}],"predecessor-version":[{"id":2196,"href":"https:\/\/bosquefelino.org\/tienda\/index.php?rest_route=\/wp\/v2\/product\/2193\/revisions\/2196"}],"wp:featuredmedia":[{"embeddable":true,"href":"https:\/\/bosquefelino.org\/tienda\/index.php?rest_route=\/wp\/v2\/media\/2195"}],"wp:attachment":[{"href":"https:\/\/bosquefelino.org\/tienda\/index.php?rest_route=%2Fwp%2Fv2%2Fmedia&parent=2193"}],"wp:term":[{"taxonomy":"product_brand","embeddable":true,"href":"https:\/\/bosquefelino.org\/tienda\/index.php?rest_route=%2Fwp%2Fv2%2Fproduct_brand&post=2193"},{"taxonomy":"product_cat","embeddable":true,"href":"https:\/\/bosquefelino.org\/tienda\/index.php?rest_route=%2Fwp%2Fv2%2Fproduct_cat&post=2193"},{"taxonomy":"product_tag","embeddable":true,"href":"https:\/\/bosquefelino.org\/tienda\/index.php?rest_route=%2Fwp%2Fv2%2Fproduct_tag&post=2193"}],"curies":[{"name":"wp","href":"https:\/\/api.w.org\/{rel}","templated":true}]}}