{"id":1888,"date":"2023-02-05T22:50:56","date_gmt":"2023-02-05T21:50:56","guid":{"rendered":"https:\/\/bosquefelino.org\/tienda\/?post_type=product&#038;p=1888"},"modified":"2023-11-02T20:52:48","modified_gmt":"2023-11-02T19:52:48","slug":"set-de-posavasos-madera","status":"publish","type":"product","link":"https:\/\/bosquefelino.org\/tienda\/?product=set-de-posavasos-madera","title":{"rendered":"<strong>Set de Posavasos<\/strong> madera"},"content":{"rendered":"<p>Corte natural, con di\u00e1metros de posavasos entre 8 y 10 cm, con cuerda en yute natural.<br \/>\nx 4 x cm | 10 \u00d8 | 150 gr.<\/p>\n","protected":false},"excerpt":{"rendered":"<p>S\u00faper bonito y pr\u00e1ctico!! As\u00ed es este Set de posavasos en madera de pino natural.\u00a0 Incluye 4 piezas de aproximadamente 1cm de grosor.<\/p>\n<p>&nbsp;<\/p>\n<p>&nbsp;<\/p>\n<p>&nbsp;<\/p>\n","protected":false},"featured_media":1890,"comment_status":"closed","ping_status":"closed","template":"","meta":[],"product_brand":[],"product_cat":[40],"product_tag":[],"class_list":{"0":"post-1888","1":"product","2":"type-product","3":"status-publish","4":"has-post-thumbnail","6":"product_cat-regalos","8":"first","9":"instock","10":"taxable","11":"shipping-taxable","12":"purchasable","13":"product-type-simple"},"_links":{"self":[{"href":"https:\/\/bosquefelino.org\/tienda\/index.php?rest_route=\/wp\/v2\/product\/1888","targetHints":{"allow":["GET"]}}],"collection":[{"href":"https:\/\/bosquefelino.org\/tienda\/index.php?rest_route=\/wp\/v2\/product"}],"about":[{"href":"https:\/\/bosquefelino.org\/tienda\/index.php?rest_route=\/wp\/v2\/types\/product"}],"replies":[{"embeddable":true,"href":"https:\/\/bosquefelino.org\/tienda\/index.php?rest_route=%2Fwp%2Fv2%2Fcomments&post=1888"}],"version-history":[{"count":1,"href":"https:\/\/bosquefelino.org\/tienda\/index.php?rest_route=\/wp\/v2\/product\/1888\/revisions"}],"predecessor-version":[{"id":1891,"href":"https:\/\/bosquefelino.org\/tienda\/index.php?rest_route=\/wp\/v2\/product\/1888\/revisions\/1891"}],"wp:featuredmedia":[{"embeddable":true,"href":"https:\/\/bosquefelino.org\/tienda\/index.php?rest_route=\/wp\/v2\/media\/1890"}],"wp:attachment":[{"href":"https:\/\/bosquefelino.org\/tienda\/index.php?rest_route=%2Fwp%2Fv2%2Fmedia&parent=1888"}],"wp:term":[{"taxonomy":"product_brand","embeddable":true,"href":"https:\/\/bosquefelino.org\/tienda\/index.php?rest_route=%2Fwp%2Fv2%2Fproduct_brand&post=1888"},{"taxonomy":"product_cat","embeddable":true,"href":"https:\/\/bosquefelino.org\/tienda\/index.php?rest_route=%2Fwp%2Fv2%2Fproduct_cat&post=1888"},{"taxonomy":"product_tag","embeddable":true,"href":"https:\/\/bosquefelino.org\/tienda\/index.php?rest_route=%2Fwp%2Fv2%2Fproduct_tag&post=1888"}],"curies":[{"name":"wp","href":"https:\/\/api.w.org\/{rel}","templated":true}]}}