{"id":1786,"date":"2023-02-04T23:28:51","date_gmt":"2023-02-04T22:28:51","guid":{"rendered":"https:\/\/bosquefelino.org\/tienda\/?post_type=product&#038;p=1786"},"modified":"2023-02-04T23:35:44","modified_gmt":"2023-02-04T22:35:44","slug":"un-gato-en-casa","status":"publish","type":"product","link":"https:\/\/bosquefelino.org\/tienda\/?product=un-gato-en-casa","title":{"rendered":"<strong>Un GATO en casa<\/strong> C\u00f3mo elegirlo"},"content":{"rendered":"<p>Esta pr\u00e1ctica gu\u00eda se ocupa de todos los aspectos que debes tener en cuenta antes de acoger a un gato en tu hogar y brinda las claves para preparar mejor su llegada y para saber qu\u00e9 cuidados necesitar\u00e1 a diario.<\/p>\n<p>Encuadernaci\u00f3n: Bolsillo<\/p>\n<p>N\u00famero de p\u00e1ginas: 128<\/p>\n<p>Medidas: 16 x 22 cm<\/p>\n","protected":false},"excerpt":{"rendered":"<p>C\u00f3mo elegirlo, educarlo, cuidarlo y quererle.<\/p>\n","protected":false},"featured_media":1787,"comment_status":"closed","ping_status":"closed","template":"","meta":[],"product_brand":[],"product_cat":[26],"product_tag":[],"class_list":{"0":"post-1786","1":"product","2":"type-product","3":"status-publish","4":"has-post-thumbnail","6":"product_cat-libros","8":"first","9":"instock","10":"taxable","11":"shipping-taxable","12":"purchasable","13":"product-type-simple"},"_links":{"self":[{"href":"https:\/\/bosquefelino.org\/tienda\/index.php?rest_route=\/wp\/v2\/product\/1786","targetHints":{"allow":["GET"]}}],"collection":[{"href":"https:\/\/bosquefelino.org\/tienda\/index.php?rest_route=\/wp\/v2\/product"}],"about":[{"href":"https:\/\/bosquefelino.org\/tienda\/index.php?rest_route=\/wp\/v2\/types\/product"}],"replies":[{"embeddable":true,"href":"https:\/\/bosquefelino.org\/tienda\/index.php?rest_route=%2Fwp%2Fv2%2Fcomments&post=1786"}],"version-history":[{"count":6,"href":"https:\/\/bosquefelino.org\/tienda\/index.php?rest_route=\/wp\/v2\/product\/1786\/revisions"}],"predecessor-version":[{"id":1791,"href":"https:\/\/bosquefelino.org\/tienda\/index.php?rest_route=\/wp\/v2\/product\/1786\/revisions\/1791"}],"wp:featuredmedia":[{"embeddable":true,"href":"https:\/\/bosquefelino.org\/tienda\/index.php?rest_route=\/wp\/v2\/media\/1787"}],"wp:attachment":[{"href":"https:\/\/bosquefelino.org\/tienda\/index.php?rest_route=%2Fwp%2Fv2%2Fmedia&parent=1786"}],"wp:term":[{"taxonomy":"product_brand","embeddable":true,"href":"https:\/\/bosquefelino.org\/tienda\/index.php?rest_route=%2Fwp%2Fv2%2Fproduct_brand&post=1786"},{"taxonomy":"product_cat","embeddable":true,"href":"https:\/\/bosquefelino.org\/tienda\/index.php?rest_route=%2Fwp%2Fv2%2Fproduct_cat&post=1786"},{"taxonomy":"product_tag","embeddable":true,"href":"https:\/\/bosquefelino.org\/tienda\/index.php?rest_route=%2Fwp%2Fv2%2Fproduct_tag&post=1786"}],"curies":[{"name":"wp","href":"https:\/\/api.w.org\/{rel}","templated":true}]}}