{"id":1773,"date":"2023-02-04T22:36:30","date_gmt":"2023-02-04T21:36:30","guid":{"rendered":"https:\/\/bosquefelino.org\/tienda\/?post_type=product&#038;p=1773"},"modified":"2025-12-10T22:06:25","modified_gmt":"2025-12-10T21:06:25","slug":"haz-como-el-gato-el-si-que-sabe","status":"publish","type":"product","link":"https:\/\/bosquefelino.org\/tienda\/?product=haz-como-el-gato-el-si-que-sabe","title":{"rendered":"Haz como el gato: <strong>\u00a1\u00c9l s\u00ed que sabe!<\/strong>"},"content":{"rendered":"<p>&nbsp;<\/p>\n<p>Libre, tranquilo, curioso, observador, confiado, tenaz, prudente, elegante\u2026<\/p>\n<p>Inspirado en nuestros gatos, en este libro se han recogido los puntos esenciales de la buena vida en clave felina. Encuentra todo lo que necesitas para afrontar el d\u00eda desde su envidiable perspectiva: consejos para cada momento, micro c\u00e1psulas de sabidur\u00eda felina, citas de famosos amantes de los gatos y hasta un cuestionario para descubrir tu coeficiente gatuno.<br \/>\n\u00a1Deja salir al gato que llevas dentro!<\/p>\n<p><strong>Certificaci\u00f3n FSC<\/strong><br \/>\nEste producto cuenta con la certificaci\u00f3n FSC que garantiza que las fibras utilizadas en su elaboraci\u00f3n provienen de bosques gestionados de manera sostenible y responsable. En estos bosques se asegura la preservaci\u00f3n de la diversidad biol\u00f3gica y se beneficia las vidas de las poblaciones y trabajadores locales.<\/p>\n<p>Encuadernaci\u00f3n: Bolsillo<\/p>\n<p>N\u00famero de p\u00e1ginas: 160<\/p>\n<p>Medidas: 18 x 13 cm<\/p>\n","protected":false},"excerpt":{"rendered":"<p>La clave para el bienestar: ser un poco m\u00e1s como tu gato.<\/p>\n<p>Viven a su ritmo, son curiosos, carism\u00e1ticos e independientes, saben pedir ayuda y decir que no, tienen mucha confianza en ellos mismos, se adaptan con facilidad y, en general, viven de forma plena: si los gatos se lo montan tan bien, \u00bfpor qu\u00e9 no adoptamos su filosof\u00eda?<\/p>\n","protected":false},"featured_media":1775,"comment_status":"closed","ping_status":"closed","template":"","meta":[],"product_brand":[],"product_cat":[26],"product_tag":[],"class_list":{"0":"post-1773","1":"product","2":"type-product","3":"status-publish","4":"has-post-thumbnail","6":"product_cat-libros","8":"first","9":"instock","10":"taxable","11":"shipping-taxable","12":"purchasable","13":"product-type-simple"},"_links":{"self":[{"href":"https:\/\/bosquefelino.org\/tienda\/index.php?rest_route=\/wp\/v2\/product\/1773","targetHints":{"allow":["GET"]}}],"collection":[{"href":"https:\/\/bosquefelino.org\/tienda\/index.php?rest_route=\/wp\/v2\/product"}],"about":[{"href":"https:\/\/bosquefelino.org\/tienda\/index.php?rest_route=\/wp\/v2\/types\/product"}],"replies":[{"embeddable":true,"href":"https:\/\/bosquefelino.org\/tienda\/index.php?rest_route=%2Fwp%2Fv2%2Fcomments&post=1773"}],"version-history":[{"count":1,"href":"https:\/\/bosquefelino.org\/tienda\/index.php?rest_route=\/wp\/v2\/product\/1773\/revisions"}],"predecessor-version":[{"id":1776,"href":"https:\/\/bosquefelino.org\/tienda\/index.php?rest_route=\/wp\/v2\/product\/1773\/revisions\/1776"}],"wp:featuredmedia":[{"embeddable":true,"href":"https:\/\/bosquefelino.org\/tienda\/index.php?rest_route=\/wp\/v2\/media\/1775"}],"wp:attachment":[{"href":"https:\/\/bosquefelino.org\/tienda\/index.php?rest_route=%2Fwp%2Fv2%2Fmedia&parent=1773"}],"wp:term":[{"taxonomy":"product_brand","embeddable":true,"href":"https:\/\/bosquefelino.org\/tienda\/index.php?rest_route=%2Fwp%2Fv2%2Fproduct_brand&post=1773"},{"taxonomy":"product_cat","embeddable":true,"href":"https:\/\/bosquefelino.org\/tienda\/index.php?rest_route=%2Fwp%2Fv2%2Fproduct_cat&post=1773"},{"taxonomy":"product_tag","embeddable":true,"href":"https:\/\/bosquefelino.org\/tienda\/index.php?rest_route=%2Fwp%2Fv2%2Fproduct_tag&post=1773"}],"curies":[{"name":"wp","href":"https:\/\/api.w.org\/{rel}","templated":true}]}}