{"id":1520,"date":"2022-04-07T17:00:31","date_gmt":"2022-04-07T16:00:31","guid":{"rendered":"https:\/\/bosquefelino.org\/tienda\/?post_type=product&#038;p=1520"},"modified":"2026-01-12T20:05:43","modified_gmt":"2026-01-12T19:05:43","slug":"cuaderno-horoscopos","status":"publish","type":"product","link":"https:\/\/bosquefelino.org\/tienda\/?product=cuaderno-horoscopos","title":{"rendered":"<strong>Cuaderno Signos del Zodiaco<\/strong>"},"content":{"rendered":"","protected":false},"excerpt":{"rendered":"<p>Cuaderno Solidario Biling\u00fce Hor\u00f3scopos<br \/>\n(Espa\u00f1ol-Ingl\u00e9s)<\/p>\n<p>Este elegante cuaderno de notas es el regalo perfecto para ti o para tus amigos y familiares.<br \/>\nPodr\u00e1s meterlo f\u00e1cilmente en tu bolsa porque es ligero y f\u00e1cil de llevar. El formato A5 ha sido elegido por su practicidad. El espacio entre las l\u00edneas te dar\u00e1 una \u00f3ptima comodidad de escritura y lectura. No te decepcionar\u00e1.<\/p>\n<p>Est\u00e1 impreso en papel de de 90g. Su cubierta es suave pero muy duradera, plastificado mate de alto gramaje.<\/p>\n","protected":false},"featured_media":1523,"comment_status":"open","ping_status":"closed","template":"","meta":[],"product_brand":[],"product_cat":[37,40],"product_tag":[],"class_list":{"0":"post-1520","1":"product","2":"type-product","3":"status-publish","4":"has-post-thumbnail","6":"product_cat-agendas-calendarios-cuadernos-diarios","7":"product_cat-regalos","9":"first","10":"instock","11":"taxable","12":"shipping-taxable","13":"purchasable","14":"product-type-simple"},"_links":{"self":[{"href":"https:\/\/bosquefelino.org\/tienda\/index.php?rest_route=\/wp\/v2\/product\/1520","targetHints":{"allow":["GET"]}}],"collection":[{"href":"https:\/\/bosquefelino.org\/tienda\/index.php?rest_route=\/wp\/v2\/product"}],"about":[{"href":"https:\/\/bosquefelino.org\/tienda\/index.php?rest_route=\/wp\/v2\/types\/product"}],"replies":[{"embeddable":true,"href":"https:\/\/bosquefelino.org\/tienda\/index.php?rest_route=%2Fwp%2Fv2%2Fcomments&post=1520"}],"version-history":[{"count":2,"href":"https:\/\/bosquefelino.org\/tienda\/index.php?rest_route=\/wp\/v2\/product\/1520\/revisions"}],"predecessor-version":[{"id":1526,"href":"https:\/\/bosquefelino.org\/tienda\/index.php?rest_route=\/wp\/v2\/product\/1520\/revisions\/1526"}],"wp:featuredmedia":[{"embeddable":true,"href":"https:\/\/bosquefelino.org\/tienda\/index.php?rest_route=\/wp\/v2\/media\/1523"}],"wp:attachment":[{"href":"https:\/\/bosquefelino.org\/tienda\/index.php?rest_route=%2Fwp%2Fv2%2Fmedia&parent=1520"}],"wp:term":[{"taxonomy":"product_brand","embeddable":true,"href":"https:\/\/bosquefelino.org\/tienda\/index.php?rest_route=%2Fwp%2Fv2%2Fproduct_brand&post=1520"},{"taxonomy":"product_cat","embeddable":true,"href":"https:\/\/bosquefelino.org\/tienda\/index.php?rest_route=%2Fwp%2Fv2%2Fproduct_cat&post=1520"},{"taxonomy":"product_tag","embeddable":true,"href":"https:\/\/bosquefelino.org\/tienda\/index.php?rest_route=%2Fwp%2Fv2%2Fproduct_tag&post=1520"}],"curies":[{"name":"wp","href":"https:\/\/api.w.org\/{rel}","templated":true}]}}