{"id":1048,"date":"2020-12-19T12:35:06","date_gmt":"2020-12-19T11:35:06","guid":{"rendered":"https:\/\/bosquefelino.org\/tienda\/?post_type=product&#038;p=1048"},"modified":"2025-11-16T14:48:35","modified_gmt":"2025-11-16T13:48:35","slug":"calendario-cumpleanos-perpetuo","status":"publish","type":"product","link":"https:\/\/bosquefelino.org\/tienda\/?product=calendario-cumpleanos-perpetuo","title":{"rendered":"<strong>Calendario Cumple<\/strong>Perpetuo-Gatos"},"content":{"rendered":"<p>Ya no olvidar\u00e1s ning\u00fan cumplea\u00f1os ni ocasi\u00f3n especial con este calendario perpetuo del Bosque Felino.<\/p>\n<p>Adem\u00e1s todas las p\u00e1ginas llevan fotos de \u00a0nuestros peque\u00f1os peluditos. Tama\u00f1o A3<\/p>\n","protected":false},"excerpt":{"rendered":"<p>Calendario perpetuo del Bosque Felino.<\/p>\n","protected":false},"featured_media":1049,"comment_status":"closed","ping_status":"closed","template":"","meta":[],"product_brand":[],"product_cat":[37,40],"product_tag":[],"class_list":{"0":"post-1048","1":"product","2":"type-product","3":"status-publish","4":"has-post-thumbnail","6":"product_cat-agendas-calendarios-cuadernos-diarios","7":"product_cat-regalos","9":"first","10":"instock","11":"taxable","12":"shipping-taxable","13":"purchasable","14":"product-type-simple"},"_links":{"self":[{"href":"https:\/\/bosquefelino.org\/tienda\/index.php?rest_route=\/wp\/v2\/product\/1048","targetHints":{"allow":["GET"]}}],"collection":[{"href":"https:\/\/bosquefelino.org\/tienda\/index.php?rest_route=\/wp\/v2\/product"}],"about":[{"href":"https:\/\/bosquefelino.org\/tienda\/index.php?rest_route=\/wp\/v2\/types\/product"}],"replies":[{"embeddable":true,"href":"https:\/\/bosquefelino.org\/tienda\/index.php?rest_route=%2Fwp%2Fv2%2Fcomments&post=1048"}],"version-history":[{"count":6,"href":"https:\/\/bosquefelino.org\/tienda\/index.php?rest_route=\/wp\/v2\/product\/1048\/revisions"}],"predecessor-version":[{"id":1994,"href":"https:\/\/bosquefelino.org\/tienda\/index.php?rest_route=\/wp\/v2\/product\/1048\/revisions\/1994"}],"wp:featuredmedia":[{"embeddable":true,"href":"https:\/\/bosquefelino.org\/tienda\/index.php?rest_route=\/wp\/v2\/media\/1049"}],"wp:attachment":[{"href":"https:\/\/bosquefelino.org\/tienda\/index.php?rest_route=%2Fwp%2Fv2%2Fmedia&parent=1048"}],"wp:term":[{"taxonomy":"product_brand","embeddable":true,"href":"https:\/\/bosquefelino.org\/tienda\/index.php?rest_route=%2Fwp%2Fv2%2Fproduct_brand&post=1048"},{"taxonomy":"product_cat","embeddable":true,"href":"https:\/\/bosquefelino.org\/tienda\/index.php?rest_route=%2Fwp%2Fv2%2Fproduct_cat&post=1048"},{"taxonomy":"product_tag","embeddable":true,"href":"https:\/\/bosquefelino.org\/tienda\/index.php?rest_route=%2Fwp%2Fv2%2Fproduct_tag&post=1048"}],"curies":[{"name":"wp","href":"https:\/\/api.w.org\/{rel}","templated":true}]}}